{"id":152,"date":"2022-01-13T15:03:01","date_gmt":"2022-01-13T15:03:01","guid":{"rendered":"https:\/\/www.davidlamarre.me\/?page_id=152"},"modified":"2022-01-13T15:03:05","modified_gmt":"2022-01-13T15:03:05","slug":"contact","status":"publish","type":"page","link":"https:\/\/www.davidlamarre.me\/fr\/contact\/","title":{"rendered":"Contact"},"content":{"rendered":"<figure class=\"wp-block-image alignwide size-large\"><img loading=\"lazy\" decoding=\"async\" width=\"1024\" height=\"430\" src=\"https:\/\/www.davidlamarre.me\/wp-content\/uploads\/2022\/01\/pota-man-4_Moment-scaled-e1642033412961-1024x430.jpg\" alt=\"\" class=\"wp-image-155\" srcset=\"https:\/\/www.davidlamarre.me\/wp-content\/uploads\/2022\/01\/pota-man-4_Moment-scaled-e1642033412961-1024x430.jpg 1024w, https:\/\/www.davidlamarre.me\/wp-content\/uploads\/2022\/01\/pota-man-4_Moment-scaled-e1642033412961-300x126.jpg 300w, https:\/\/www.davidlamarre.me\/wp-content\/uploads\/2022\/01\/pota-man-4_Moment-scaled-e1642033412961-768x323.jpg 768w, https:\/\/www.davidlamarre.me\/wp-content\/uploads\/2022\/01\/pota-man-4_Moment-scaled-e1642033412961-1536x645.jpg 1536w, https:\/\/www.davidlamarre.me\/wp-content\/uploads\/2022\/01\/pota-man-4_Moment-scaled-e1642033412961-2048x860.jpg 2048w, https:\/\/www.davidlamarre.me\/wp-content\/uploads\/2022\/01\/pota-man-4_Moment-scaled-e1642033412961-18x8.jpg 18w\" sizes=\"auto, (max-width: 1024px) 100vw, 1024px\" \/><\/figure>\n\n\n\n<p class=\"wp-block-paragraph\">Bonjour! Mon nom est David Lamarre et j'habite \u00e0 Montr\u00e9al, au Canada.<\/p>\n\n\n\n<p class=\"wp-block-paragraph\">Je suis un fan de cin\u00e9ma qui fait des courts m\u00e9trages d'horreur et de science fiction \u00e0 la mitaine. G\u00e9n\u00e9ralement avec des marionnettes. <\/p>\n\n\n\n<p class=\"wp-block-paragraph\">Bien que les films de marionnettes soient g\u00e9n\u00e9ralement destin\u00e9s aux enfants, le ton et le sujet de mes vid\u00e9os s'adressent \u00e0 des spectateurs plus \u00e2g\u00e9. Donc, comme on l'entend souvent \u00e0 la t\u00e9l\u00e9,  ces films s'adressent \u00e0 un public averti.<\/p>\n\n\n\n<p class=\"wp-block-paragraph\">Si vous voulez me dire bonjour, n'h\u00e9sitez pas \u00e0 laissez des commentaires <a href=\"https:\/\/www.youtube.com\/user\/davlamarre\" target=\"_blank\" rel=\"noreferrer noopener\">sur mes vid\u00e9os YouTube<\/a> ou sur <a href=\"https:\/\/www.instagram.com\/pota_media\/\">mes photos partag\u00e9es sur Instagram<\/a>. <\/p>\n\n\n\n<p class=\"wp-block-paragraph\">Vous pouvez aussi m'\u00e9crire directement en utilisant le formulaire qui suit.<\/p>\n\n\n<div class=\"wp-block-jetpack-contact-form is-layout-flex wp-container-jetpack-contact-form-is-layout-7f6ac06e wp-block-jetpack-contact-form-is-layout-flex\"><a href=\"https:\/\/www.davidlamarre.me\/fr\/contact\/\" target=\"_blank\" rel=\"noopener noreferrer\">Submit a form.<\/a><\/div>","protected":false},"excerpt":{"rendered":"<p>Hi! My name is David Lamarre and I am based in Montreal, Canada. I am a film geek that makes<\/p>\n<p><span class=\"more-link\"><a href=\"https:\/\/www.davidlamarre.me\/fr\/contact\/\" class=\"readmore\">Continue reading<span class=\"screen-reader-text\">Contact<\/span><\/a><\/span><\/p>","protected":false},"author":2,"featured_media":0,"parent":0,"menu_order":0,"comment_status":"closed","ping_status":"closed","template":"","meta":{"_crdt_document":"","footnotes":""},"class_list":["post-152","page","type-page","status-publish","hentry"],"jetpack_sharing_enabled":true,"_links":{"self":[{"href":"https:\/\/www.davidlamarre.me\/fr\/wp-json\/wp\/v2\/pages\/152","targetHints":{"allow":["GET"]}}],"collection":[{"href":"https:\/\/www.davidlamarre.me\/fr\/wp-json\/wp\/v2\/pages"}],"about":[{"href":"https:\/\/www.davidlamarre.me\/fr\/wp-json\/wp\/v2\/types\/page"}],"author":[{"embeddable":true,"href":"https:\/\/www.davidlamarre.me\/fr\/wp-json\/wp\/v2\/users\/2"}],"replies":[{"embeddable":true,"href":"https:\/\/www.davidlamarre.me\/fr\/wp-json\/wp\/v2\/comments?post=152"}],"version-history":[{"count":4,"href":"https:\/\/www.davidlamarre.me\/fr\/wp-json\/wp\/v2\/pages\/152\/revisions"}],"predecessor-version":[{"id":157,"href":"https:\/\/www.davidlamarre.me\/fr\/wp-json\/wp\/v2\/pages\/152\/revisions\/157"}],"wp:attachment":[{"href":"https:\/\/www.davidlamarre.me\/fr\/wp-json\/wp\/v2\/media?parent=152"}],"curies":[{"name":"wp","href":"https:\/\/api.w.org\/{rel}","templated":true}]}}