{"id":2407,"date":"2025-06-06T02:36:47","date_gmt":"2025-06-06T02:36:47","guid":{"rendered":"https:\/\/www.davidlamarre.me\/?page_id=2407"},"modified":"2025-06-06T13:18:45","modified_gmt":"2025-06-06T13:18:45","slug":"the-vandals","status":"publish","type":"page","link":"https:\/\/www.davidlamarre.me\/fr\/the-vandals\/","title":{"rendered":"Les Vandales"},"content":{"rendered":"<div class=\"wp-block-image\">\n<figure class=\"aligncenter size-large\"><img loading=\"lazy\" decoding=\"async\" width=\"1024\" height=\"576\" src=\"https:\/\/www.davidlamarre.me\/wp-content\/uploads\/2025\/06\/Les_Vandales_Poster_16x9-1024x576.png\" alt=\"\" class=\"wp-image-2408\" srcset=\"https:\/\/www.davidlamarre.me\/wp-content\/uploads\/2025\/06\/Les_Vandales_Poster_16x9-1024x576.png 1024w, https:\/\/www.davidlamarre.me\/wp-content\/uploads\/2025\/06\/Les_Vandales_Poster_16x9-300x169.png 300w, https:\/\/www.davidlamarre.me\/wp-content\/uploads\/2025\/06\/Les_Vandales_Poster_16x9-768x432.png 768w, https:\/\/www.davidlamarre.me\/wp-content\/uploads\/2025\/06\/Les_Vandales_Poster_16x9-1536x864.png 1536w, https:\/\/www.davidlamarre.me\/wp-content\/uploads\/2025\/06\/Les_Vandales_Poster_16x9-18x10.png 18w, https:\/\/www.davidlamarre.me\/wp-content\/uploads\/2025\/06\/Les_Vandales_Poster_16x9.png 1920w\" sizes=\"auto, (max-width: 1024px) 100vw, 1024px\" \/><\/figure>\n<\/div>\n\n\n<h2 class=\"wp-block-heading\">Synopsis<\/h2>\n\n\n\n<p class=\"wp-block-paragraph\">Deux punks s\u2019adonnent \u00e0 un dr\u00f4le de hobby au c\u0153ur de la nuit: vandaliser des affiches publicitaires. Arme au poing, un revenant bionique les confronte pour prot\u00e9ger la libert\u00e9 d'expression corporative.<\/p>\n\n\n\n<pre class=\"wp-block-preformatted\"><strong>Les Vandales<\/strong> (The Vandals)<br>David Lamarre, Qu\u00e9bec (Canada), 2025.<br>Fran\u00e7ais avec sous-titres anglais, noir et blanc, 3m47s.<\/pre>\n\n\n\n<h2 class=\"wp-block-heading\" id=\"festival-selection\">S\u00e9lection dans des festivals<\/h2>\n\n\n\n<p class=\"wp-block-paragraph\">Les Vandales a \u00e9t\u00e9 r\u00e9alis\u00e9 pour le festival Cabane \u00e0 Sang dans le cadre de la soir\u00e9e exclusive PARTY POOPER SPECTACULAR TRASH FILM COMPETITION.<\/p>\n\n\n\n<h2 class=\"wp-block-heading\">Lien de visionnement<\/h2>\n\n\n\n<p class=\"wp-block-paragraph\">Si vous d\u00e9sirez visionner ce film dans le but de le s\u00e9lectionner pour un festival ou un programme de court m\u00e9trages, <a href=\"https:\/\/www.davidlamarre.me\/fr\/contact\/\">\u00e9crivez-moi!<\/a> et je vous enverrai un lien de visionnement.<\/p>","protected":false},"excerpt":{"rendered":"<p>Synopsis Two punks take up a strange hobby in the dead of night: vandalizing advertising posters. Weapon in hand, a<\/p>\n<p><span class=\"more-link\"><a href=\"https:\/\/www.davidlamarre.me\/fr\/the-vandals\/\" class=\"readmore\">Continue reading<span class=\"screen-reader-text\">Les Vandales<\/span><\/a><\/span><\/p>","protected":false},"author":2,"featured_media":0,"parent":0,"menu_order":0,"comment_status":"closed","ping_status":"closed","template":"","meta":{"_crdt_document":"","footnotes":""},"class_list":["post-2407","page","type-page","status-publish","hentry"],"jetpack_sharing_enabled":true,"_links":{"self":[{"href":"https:\/\/www.davidlamarre.me\/fr\/wp-json\/wp\/v2\/pages\/2407","targetHints":{"allow":["GET"]}}],"collection":[{"href":"https:\/\/www.davidlamarre.me\/fr\/wp-json\/wp\/v2\/pages"}],"about":[{"href":"https:\/\/www.davidlamarre.me\/fr\/wp-json\/wp\/v2\/types\/page"}],"author":[{"embeddable":true,"href":"https:\/\/www.davidlamarre.me\/fr\/wp-json\/wp\/v2\/users\/2"}],"replies":[{"embeddable":true,"href":"https:\/\/www.davidlamarre.me\/fr\/wp-json\/wp\/v2\/comments?post=2407"}],"version-history":[{"count":3,"href":"https:\/\/www.davidlamarre.me\/fr\/wp-json\/wp\/v2\/pages\/2407\/revisions"}],"predecessor-version":[{"id":2414,"href":"https:\/\/www.davidlamarre.me\/fr\/wp-json\/wp\/v2\/pages\/2407\/revisions\/2414"}],"wp:attachment":[{"href":"https:\/\/www.davidlamarre.me\/fr\/wp-json\/wp\/v2\/media?parent=2407"}],"curies":[{"name":"wp","href":"https:\/\/api.w.org\/{rel}","templated":true}]}}