{"id":96,"date":"2022-01-10T03:51:36","date_gmt":"2022-01-10T03:51:36","guid":{"rendered":"https:\/\/www.davidlamarre.me\/?page_id=96"},"modified":"2023-01-27T20:00:40","modified_gmt":"2023-01-27T20:00:40","slug":"going-vertical","status":"publish","type":"page","link":"https:\/\/www.davidlamarre.me\/fr\/going-vertical\/","title":{"rendered":"\u00c0 la verticale!"},"content":{"rendered":"<figure class=\"wp-block-image alignwide size-large\"><img loading=\"lazy\" decoding=\"async\" width=\"1024\" height=\"438\" src=\"https:\/\/www.davidlamarre.me\/wp-content\/uploads\/2021\/12\/cropped-10s-v2-00000111-1024x438.png\" alt=\"\" class=\"wp-image-21\" srcset=\"https:\/\/www.davidlamarre.me\/wp-content\/uploads\/2021\/12\/cropped-10s-v2-00000111-1024x438.png 1024w, https:\/\/www.davidlamarre.me\/wp-content\/uploads\/2021\/12\/cropped-10s-v2-00000111-300x128.png 300w, https:\/\/www.davidlamarre.me\/wp-content\/uploads\/2021\/12\/cropped-10s-v2-00000111-768x329.png 768w, https:\/\/www.davidlamarre.me\/wp-content\/uploads\/2021\/12\/cropped-10s-v2-00000111-1536x658.png 1536w, https:\/\/www.davidlamarre.me\/wp-content\/uploads\/2021\/12\/cropped-10s-v2-00000111.png 1920w\" sizes=\"auto, (max-width: 1024px) 100vw, 1024px\" \/><\/figure>\n\n\n\n<p class=\"has-text-align-center wp-block-paragraph\">Des vid\u00e9os de marionettes \u00e0 l'\u00e8re num\u00e9rique<\/p>\n\n\n\n<p class=\"has-text-align-center wp-block-paragraph\">Voici des listes de lecture de vid\u00e9os verticales que j'ai cr\u00e9\u00e9es.<\/p>\n\n\n\n<h2 class=\"has-text-align-center wp-block-heading\">Laser Sword Battle League<\/h2>\n\n\n\n<p class=\"has-text-align-center wp-block-paragraph\">Bienvenue \u00e0 la Laser Sword Battle League! \u00c0 la fin du combat, une seule marionnette restera debout.<\/p>\n\n\n\n<center><iframe loading=\"lazy\" width=\"560\" height=\"315\" src=\"https:\/\/www.youtube.com\/embed\/videoseries?list=PLFnHkl69z-zjT-Yp6_8XUrlRUBZtgdXMv\" title=\"YouTube video player\" frameborder=\"0\" allow=\"accelerometer; autoplay; clipboard-write; encrypted-media; gyroscope; picture-in-picture; web-share\" allowfullscreen><\/iframe><\/center>\n\n\n\n<h2 class=\"has-text-align-center wp-block-heading\" id=\"the-trash-talking-boxer\">Le boxer impoli<\/h2>\n\n\n\n<p class=\"has-text-align-center wp-block-paragraph\">Il a mauvaise mine. Et une vilaine attitude.<\/p>\n\n\n\n<center><iframe loading=\"lazy\" width=\"560\" height=\"315\" src=\"https:\/\/www.youtube.com\/embed\/videoseries?list=PLFnHkl69z-zjyvLhewlmE1dZwTkiTDN4q\" title=\"YouTube video player\" frameborder=\"0\" allow=\"accelerometer; autoplay; clipboard-write; encrypted-media; gyroscope; picture-in-picture\" allowfullscreen=\"\"><\/iframe><\/center>\n\n\n\n<h2 class=\"has-text-align-center wp-block-heading\" id=\"cthulhu-tells-it-like-it-is\">Cthulhu dit ce qu'il pense<\/h2>\n\n\n\n<p class=\"has-text-align-center wp-block-paragraph\">Il \u00e9tait l\u00e0 longtemps avant les dinosaures. Il en a vu d'autres. Et il n'est pas impressionn\u00e9 par l'humanit\u00e9.<\/p>\n\n\n\n<center><iframe loading=\"lazy\" width=\"560\" height=\"315\" src=\"https:\/\/www.youtube.com\/embed\/videoseries?list=PLFnHkl69z-ziMf1lyMuOTTpZ1Eqz9wIek\" title=\"YouTube video player\" frameborder=\"0\" allow=\"accelerometer; autoplay; clipboard-write; encrypted-media; gyroscope; picture-in-picture\" allowfullscreen=\"\"><\/iframe><\/center>\n\n\n\n<h2 class=\"has-text-align-center wp-block-heading\" id=\"the-stranded-pirate\">Le pirate esseul\u00e9<\/h2>\n\n\n\n<p class=\"has-text-align-center wp-block-paragraph\">La vie peut para\u00eetre longue quand on est esseul\u00e9 sur une \u00eele d\u00e9serte...<\/p>\n\n\n\n<center><iframe loading=\"lazy\" width=\"560\" height=\"315\" src=\"https:\/\/www.youtube.com\/embed\/videoseries?list=PLFnHkl69z-zjToTYLZjNMv4ImOCc3bjPX\" title=\"YouTube video player\" frameborder=\"0\" allow=\"accelerometer; autoplay; clipboard-write; encrypted-media; gyroscope; picture-in-picture\" allowfullscreen=\"\"><\/iframe><\/center>\n\n\n\n<h2 class=\"has-text-align-center wp-block-heading\" id=\"the-time-travelling-cyborg\">Le voyageur du temps cyborg<\/h2>\n\n\n\n<p class=\"has-text-align-center wp-block-paragraph\">Il est venu du futur pour nous avertir d'un danger \u00e0 venir. Mais est-il d\u00e9j\u00e0 trop tard?<\/p>\n\n\n\n<center><iframe loading=\"lazy\" width=\"560\" height=\"315\" src=\"https:\/\/www.youtube.com\/embed\/videoseries?list=PLFnHkl69z-zjCWSZJqexMO3PSrIzsqAqM\" title=\"YouTube video player\" frameborder=\"0\" allow=\"accelerometer; autoplay; clipboard-write; encrypted-media; gyroscope; picture-in-picture\" allowfullscreen=\"\"><\/iframe><\/center>\n\n\n\n<h2 class=\"has-text-align-center wp-block-heading\" id=\"ninja-lessons\">Sagesse de ninja<\/h2>\n\n\n\n<p class=\"has-text-align-center wp-block-paragraph\">Ce ma\u00eetre ninja partage des paroles de sagesse. Ou serait-ce seulement des paroles en l'air?<\/p>\n\n\n\n<center><iframe loading=\"lazy\" width=\"560\" height=\"315\" src=\"https:\/\/www.youtube.com\/embed\/videoseries?list=PLFnHkl69z-zhKNyw1guPGpAUnVZrDpSOe\" title=\"YouTube video player\" frameborder=\"0\" allow=\"accelerometer; autoplay; clipboard-write; encrypted-media; gyroscope; picture-in-picture\" allowfullscreen=\"\"><\/iframe><\/center>","protected":false},"excerpt":{"rendered":"<p>Puppet videos for the digital age. Here&#8217;s a few playlists with the vertical videos I&#8217;ve created. Laser Sword Battle League<\/p>\n<p><span class=\"more-link\"><a href=\"https:\/\/www.davidlamarre.me\/fr\/going-vertical\/\" class=\"readmore\">Continue reading<span class=\"screen-reader-text\">\u00c0 la verticale!<\/span><\/a><\/span><\/p>","protected":false},"author":2,"featured_media":21,"parent":0,"menu_order":0,"comment_status":"closed","ping_status":"closed","template":"","meta":{"_crdt_document":"","footnotes":""},"class_list":["post-96","page","type-page","status-publish","has-post-thumbnail","hentry"],"jetpack_sharing_enabled":true,"_links":{"self":[{"href":"https:\/\/www.davidlamarre.me\/fr\/wp-json\/wp\/v2\/pages\/96","targetHints":{"allow":["GET"]}}],"collection":[{"href":"https:\/\/www.davidlamarre.me\/fr\/wp-json\/wp\/v2\/pages"}],"about":[{"href":"https:\/\/www.davidlamarre.me\/fr\/wp-json\/wp\/v2\/types\/page"}],"author":[{"embeddable":true,"href":"https:\/\/www.davidlamarre.me\/fr\/wp-json\/wp\/v2\/users\/2"}],"replies":[{"embeddable":true,"href":"https:\/\/www.davidlamarre.me\/fr\/wp-json\/wp\/v2\/comments?post=96"}],"version-history":[{"count":9,"href":"https:\/\/www.davidlamarre.me\/fr\/wp-json\/wp\/v2\/pages\/96\/revisions"}],"predecessor-version":[{"id":1355,"href":"https:\/\/www.davidlamarre.me\/fr\/wp-json\/wp\/v2\/pages\/96\/revisions\/1355"}],"wp:featuredmedia":[{"embeddable":true,"href":"https:\/\/www.davidlamarre.me\/fr\/wp-json\/wp\/v2\/media\/21"}],"wp:attachment":[{"href":"https:\/\/www.davidlamarre.me\/fr\/wp-json\/wp\/v2\/media?parent=96"}],"curies":[{"name":"wp","href":"https:\/\/api.w.org\/{rel}","templated":true}]}}